{"id":97,"date":"2025-06-02T21:10:25","date_gmt":"2025-06-02T21:10:25","guid":{"rendered":"https:\/\/sauna24.ee\/?page_id=97"},"modified":"2026-02-09T07:38:39","modified_gmt":"2026-02-09T07:38:39","slug":"%d0%b1%d1%80%d0%be%d0%bd%d0%b8%d1%80%d0%be%d0%b2%d0%b0%d0%bd%d0%b8%d0%b5-%d0%b8-%d0%ba%d0%be%d0%bd%d1%82%d0%b0%d0%ba%d1%82%d1%8b","status":"publish","type":"page","link":"https:\/\/sauna24.ee\/et\/%d0%b1%d1%80%d0%be%d0%bd%d0%b8%d1%80%d0%be%d0%b2%d0%b0%d0%bd%d0%b8%d0%b5-%d0%b8-%d0%ba%d0%be%d0%bd%d1%82%d0%b0%d0%ba%d1%82%d1%8b\/","title":{"rendered":"Kontaktid"},"content":{"rendered":"<div class=\"wp-block-group alignfull has-white-background-color has-background is-layout-constrained wp-block-group-is-layout-constrained\" style=\"padding-top:7rem;padding-bottom:2rem\">\n<h1 class=\"wp-block-heading has-text-align-center has-palette-color-1-color has-text-color has-link-color wp-elements-8095d3ab9970c8ee79fc2f8601a9a494\" style=\"margin-top:0;font-size:clamp(28.836px, 1.802rem + ((1vw - 3.2px) * 1.653), 50px);font-style:normal;font-weight:700;line-height:1.2\">V\u00f5ta meiega \u00fchendust<\/h1>\n\n\n\n<div class=\"wp-block-group alignfull has-white-background-color has-background is-layout-constrained wp-block-group-is-layout-constrained\" style=\"padding-top:7rem;padding-bottom:3.7rem\">\n<div class=\"wp-block-stackable-columns stk-block-columns stk-block stk-cd09a7c\" data-block-id=\"cd09a7c\"><div class=\"stk-row stk-inner-blocks stk-block-content stk-content-align stk-cd09a7c-column\">\n<div class=\"wp-block-stackable-column stk-block-column stk-column stk-block stk-95ac7f6\" data-v=\"4\" data-block-id=\"95ac7f6\"><div class=\"stk-column-wrapper stk-block-column__content stk-container stk-95ac7f6-container stk--no-background stk--no-padding\"><div class=\"stk-block-content stk-inner-blocks stk-95ac7f6-inner-blocks\">\n<h4 class=\"wp-block-heading alignwide has-palette-color-1-color has-text-color has-link-color wp-elements-f65174266041f4105714b36c193bca19\" style=\"margin-bottom:20px;font-size:clamp(24.034px, 1.502rem + ((1vw - 3.2px) * 1.247), 40px);font-style:normal;font-weight:700;line-height:1.2\">Alustame teie puhkuse planeerimisega?<\/h4>\n\n\n\n<p class=\"has-palette-color-1-color has-text-color has-link-color wp-elements-5e795b0dae625c8ebf59c73ab52a4df0\">V\u00f5tke meiega \u00fchendust, et t\u00e4psustada vabade kuup\u00e4evade saadavust, k\u00fcsida lisainfot majutuse ja lisamugavuste kohta v\u00f5i korraldada \u00fcritus. Oleme alati r\u00f5\u00f5muga valmis aitama, et muuta teie puhkus mugavaks ja meeldej\u00e4\u00e4vaks.<br><br>Meie kompleks asub vaid <strong>38 km<\/strong> kaugusel Tallinnast \u2014 mugav paik puhkamiseks linna l\u00e4hedal.<\/p>\n\n\n\n<div class=\"wp-block-group is-vertical is-layout-flex wp-container-core-group-is-layout-355c4241 wp-block-group-is-layout-flex\">\n<h4 class=\"wp-block-heading alignwide has-palette-color-1-color has-text-color has-link-color wp-elements-fe2c1b814760f8afaef11c46b249ca90\" style=\"margin-bottom:20px;font-size:clamp(24.034px, 1.502rem + ((1vw - 3.2px) * 1.247), 40px);font-style:normal;font-weight:700;line-height:1.2\">Kontaktid<\/h4>\n\n\n\n<div class=\"wp-block-group is-nowrap is-layout-flex wp-container-core-group-is-layout-c1740a5a wp-block-group-is-layout-flex\">\n<figure class=\"wp-block-image size-full is-resized\"><img loading=\"lazy\" decoding=\"async\" width=\"512\" height=\"512\" src=\"https:\/\/sauna24.ee\/wp-content\/uploads\/2025\/06\/phone-call.png\" alt=\"\" class=\"wp-image-409\" style=\"object-fit:contain;width:25px;height:25px\" srcset=\"https:\/\/sauna24.ee\/wp-content\/uploads\/2025\/06\/phone-call.png 512w, https:\/\/sauna24.ee\/wp-content\/uploads\/2025\/06\/phone-call-300x300.png 300w, https:\/\/sauna24.ee\/wp-content\/uploads\/2025\/06\/phone-call-150x150.png 150w\" sizes=\"auto, (max-width: 512px) 100vw, 512px\" \/><\/figure>\n\n\n\n<p class=\"has-palette-color-1-color has-text-color has-link-color wp-elements-3d6c3181024a356f9570d9dd36e41830\" style=\"font-size:clamp(14px, 0.875rem + ((1vw - 3.2px) * 0.078), 15px);font-style:normal;font-weight:500\">+372 5066 139<\/p>\n<\/div>\n\n\n\n<div class=\"wp-block-group is-nowrap is-layout-flex wp-container-core-group-is-layout-c1740a5a wp-block-group-is-layout-flex\">\n<figure class=\"wp-block-image size-full is-resized\"><img loading=\"lazy\" decoding=\"async\" width=\"512\" height=\"512\" src=\"https:\/\/sauna24.ee\/wp-content\/uploads\/2025\/06\/email.png\" alt=\"\" class=\"wp-image-410\" style=\"object-fit:contain;width:25px;height:25px\" srcset=\"https:\/\/sauna24.ee\/wp-content\/uploads\/2025\/06\/email.png 512w, https:\/\/sauna24.ee\/wp-content\/uploads\/2025\/06\/email-300x300.png 300w, https:\/\/sauna24.ee\/wp-content\/uploads\/2025\/06\/email-150x150.png 150w\" sizes=\"auto, (max-width: 512px) 100vw, 512px\" \/><\/figure>\n\n\n\n<p class=\"has-palette-color-1-color has-text-color has-link-color wp-elements-db3d0782f6a542924d810ab5aef800a9\" style=\"font-size:clamp(14px, 0.875rem + ((1vw - 3.2px) * 0.078), 15px);font-style:normal;font-weight:500\">info@sauna24.ee<\/p>\n<\/div>\n\n\n\n<div class=\"wp-block-group is-nowrap is-layout-flex wp-container-core-group-is-layout-c1740a5a wp-block-group-is-layout-flex\">\n<figure class=\"wp-block-image size-full is-resized\"><img loading=\"lazy\" decoding=\"async\" width=\"512\" height=\"512\" src=\"https:\/\/sauna24.ee\/wp-content\/uploads\/2025\/06\/gps.png\" alt=\"\" class=\"wp-image-411\" style=\"object-fit:contain;width:25px;height:25px\" srcset=\"https:\/\/sauna24.ee\/wp-content\/uploads\/2025\/06\/gps.png 512w, https:\/\/sauna24.ee\/wp-content\/uploads\/2025\/06\/gps-300x300.png 300w, https:\/\/sauna24.ee\/wp-content\/uploads\/2025\/06\/gps-150x150.png 150w\" sizes=\"auto, (max-width: 512px) 100vw, 512px\" \/><\/figure>\n\n\n\n<p class=\"has-palette-color-1-color has-text-color has-link-color wp-elements-f732769bc08791258059b244898c91c7\" style=\"font-size:clamp(14px, 0.875rem + ((1vw - 3.2px) * 0.078), 15px);font-style:normal;font-weight:500\">\u00dcleallika talu, Purila, 79633 Rapla maakond<\/p>\n<\/div>\n<\/div>\n<\/div><\/div><\/div>\n\n\n\n<div class=\"wp-block-stackable-column stk-block-column stk-column stk-block stk-562e74c\" data-v=\"4\" data-block-id=\"562e74c\"><div class=\"stk-column-wrapper stk-block-column__content stk-container stk-562e74c-container stk--no-background stk--no-padding\"><div class=\"stk-block-content stk-inner-blocks stk-562e74c-inner-blocks\">\n<div class=\"wp-block-columns is-layout-flex wp-container-core-columns-is-layout-2709eace wp-block-columns-is-layout-flex\">\n<div class=\"wp-block-column is-vertically-aligned-stretch is-layout-flow wp-block-column-is-layout-flow\">\n<div class=\"wp-block-cover is-light has-custom-content-position is-position-bottom-center\" style=\"border-radius:20px;padding-top:20px;padding-right:20px;padding-bottom:20px;padding-left:20px;min-height:495px;aspect-ratio:unset;\"><img loading=\"lazy\" decoding=\"async\" width=\"1024\" height=\"768\" class=\"wp-block-cover__image-background wp-image-54 size-large\" alt=\"\" src=\"https:\/\/sauna24.ee\/wp-content\/uploads\/2024\/11\/IMG_1849-1024x768.jpg\" style=\"object-position:88% 39%\" data-object-fit=\"cover\" data-object-position=\"88% 39%\" srcset=\"https:\/\/sauna24.ee\/wp-content\/uploads\/2024\/11\/IMG_1849-1024x768.jpg 1024w, https:\/\/sauna24.ee\/wp-content\/uploads\/2024\/11\/IMG_1849-300x225.jpg 300w, https:\/\/sauna24.ee\/wp-content\/uploads\/2024\/11\/IMG_1849-768x576.jpg 768w, https:\/\/sauna24.ee\/wp-content\/uploads\/2024\/11\/IMG_1849-1536x1152.jpg 1536w, https:\/\/sauna24.ee\/wp-content\/uploads\/2024\/11\/IMG_1849-2048x1536.jpg 2048w\" sizes=\"auto, (max-width: 1024px) 100vw, 1024px\" \/><span aria-hidden=\"true\" class=\"wp-block-cover__background has-background-dim-0 has-background-dim\" style=\"background-color:#a59075\"><\/span><div class=\"wp-block-cover__inner-container is-layout-flow wp-block-cover-is-layout-flow\">\n<p class=\"has-text-align-center has-large-font-size\"><\/p>\n<\/div><\/div>\n<\/div>\n<\/div>\n<\/div><\/div><\/div>\n<\/div><\/div>\n<\/div>\n<\/div>\n\n\n\n<h2 class=\"wp-block-heading has-text-align-center has-palette-color-1-color has-text-color has-link-color wp-elements-e7f2e6498c3267a5ef1fc74c68bb939d\" style=\"margin-top:0;margin-bottom:var(--wp--preset--spacing--60);font-size:clamp(28.836px, 1.802rem + ((1vw - 3.2px) * 1.653), 50px);font-style:normal;font-weight:700;line-height:1.2\">Kuidas meid leida<\/h2>\n\n\n\n<div class=\"wp-block-stackable-map stk-block-map stk-block stk-4e2b18e\" data-block-id=\"4e2b18e\"><style>.stk-4e2b18e .stk-block-map__canvas, .stk-4e2b18e iframe{height:350px !important;}.stk-4e2b18e {margin-bottom:30px !important;}<\/style><iframe\n\t\t\t\t\t\ttitle=\"\u0412\u0441\u0442\u0440\u043e\u0435\u043d\u043d\u043e\u0435 \u0441\u043e\u0434\u0435\u0440\u0436\u0438\u043c\u043e\u0435 \u0438\u0437 \u043f\u043b\u0430\u0442\u0444\u043e\u0440\u043c\u044b Google-\u043a\u0430\u0440\u0442\u044b.\"\n\t\t\t\t\t\tsrc=\"https:\/\/maps.google.com\/maps?q=ULEALLIKA TALU RAPLAMAA, PURILA, ULEALLIKA TALU, Purila, 79633&#038;t=&#038;z=15&#038;ie=UTF8&#038;output=embed\"\n\t\t\t\t\t\tstyle=\"border:0;width:100%;max-width:none;max-height:none;height:100%;\"\n\t\t\t\t\t\taria-hidden=\"false\"\n\t\t\t\t\t\ttabindex=\"0\"\n\t\t\t\t\t\tallowfullscreen\n\t\t\t\t\t\tloading=\"lazy\"\n\t\t\t\t\t\tframeborder=\"0\"\n\t\t\t\t\t><\/iframe><\/div>","protected":false},"excerpt":{"rendered":"<p>\u041a\u043e\u043d\u0442\u0430\u043a\u0442\u044b \u0438 \u0431\u0440\u043e\u043d\u0438\u0440\u043e\u0432\u0430\u043d\u0438\u0435 \u041d\u0430\u0447\u043d\u0451\u043c \u043f\u043b\u0430\u043d\u0438\u0440\u043e\u0432\u0430\u0442\u044c \u0432\u0430\u0448 \u043e\u0442\u0434\u044b\u0445? \u0421\u0432\u044f\u0436\u0438\u0442\u0435\u0441\u044c \u0441 \u043d\u0430\u043c\u0438, \u0447\u0442\u043e\u0431\u044b \u0443\u0442\u043e\u0447\u043d\u0438\u0442\u044c \u0441\u0432\u043e\u0431\u043e\u0434\u043d\u044b\u0435 \u0434\u0430\u0442\u044b, \u0437\u0430\u0434\u0430\u0442\u044c \u0432\u043e\u043f\u0440\u043e\u0441\u044b \u043e \u0440\u0430\u0437\u043c\u0435\u0449\u0435\u043d\u0438\u0438, \u0434\u043e\u043f\u043e\u043b\u043d\u0438\u0442\u0435\u043b\u044c\u043d\u044b\u0445 \u0443\u0434\u043e\u0431\u0441\u0442\u0432\u0430\u0445 \u0438\u043b\u0438 \u043e\u0440\u0433\u0430\u043d\u0438\u0437\u043e\u0432\u0430\u0442\u044c \u043c\u0435\u0440\u043e\u043f\u0440\u0438\u044f\u0442\u0438\u0435. \u041c\u044b \u0432\u0441\u0435\u0433\u0434\u0430 \u0440\u0430\u0434\u044b \u043f\u043e\u043c\u043e\u0447\u044c \u0441\u0434\u0435\u043b\u0430\u0442\u044c \u0432\u0430\u0448 \u043e\u0442\u0434\u044b\u0445 \u043a\u043e\u043c\u0444\u043e\u0440\u0442\u043d\u044b\u043c \u0438 \u0437\u0430\u043f\u043e\u043c\u0438\u043d\u0430\u044e\u0449\u0438\u043c\u0441\u044f. \u041d\u0430\u0448 \u043a\u043e\u043c\u043f\u043b\u0435\u043a\u0441 \u0440\u0430\u0441\u043f\u043e\u043b\u043e\u0436\u0435\u043d \u0432\u0441\u0435\u0433\u043e \u0432 38 \u043a\u043c \u043e\u0442 \u0422\u0430\u043b\u043b\u0438\u043d\u043d\u0430 \u2014 \u0443\u0434\u043e\u0431\u043d\u043e\u0435 \u043c\u0435\u0441\u0442\u043e \u0434\u043b\u044f \u043e\u0442\u0434\u044b\u0445\u0430 \u043d\u0435\u0434\u0430\u043b\u0435\u043a\u043e \u043e\u0442 \u0433\u043e\u0440\u043e\u0434\u0430. \u041a\u043e\u043d\u0442\u0430\u043a\u0442\u044b +372 5066 139 info@sauna24.ee [&hellip;]<\/p>\n","protected":false},"author":1,"featured_media":0,"parent":0,"menu_order":0,"comment_status":"closed","ping_status":"closed","template":"","meta":{"_uag_custom_page_level_css":"","footnotes":""},"class_list":["post-97","page","type-page","status-publish","hentry"],"blocksy_meta":[],"uagb_featured_image_src":{"full":false,"thumbnail":false,"medium":false,"medium_large":false,"large":false,"1536x1536":false,"2048x2048":false,"trp-custom-language-flag":false},"uagb_author_info":{"display_name":"admin","author_link":"https:\/\/sauna24.ee\/et\/author\/admin\/"},"uagb_comment_info":0,"uagb_excerpt":"\u041a\u043e\u043d\u0442\u0430\u043a\u0442\u044b \u0438 \u0431\u0440\u043e\u043d\u0438\u0440\u043e\u0432\u0430\u043d\u0438\u0435 \u041d\u0430\u0447\u043d\u0451\u043c \u043f\u043b\u0430\u043d\u0438\u0440\u043e\u0432\u0430\u0442\u044c \u0432\u0430\u0448 \u043e\u0442\u0434\u044b\u0445? \u0421\u0432\u044f\u0436\u0438\u0442\u0435\u0441\u044c \u0441 \u043d\u0430\u043c\u0438, \u0447\u0442\u043e\u0431\u044b \u0443\u0442\u043e\u0447\u043d\u0438\u0442\u044c \u0441\u0432\u043e\u0431\u043e\u0434\u043d\u044b\u0435 \u0434\u0430\u0442\u044b, \u0437\u0430\u0434\u0430\u0442\u044c \u0432\u043e\u043f\u0440\u043e\u0441\u044b \u043e \u0440\u0430\u0437\u043c\u0435\u0449\u0435\u043d\u0438\u0438, \u0434\u043e\u043f\u043e\u043b\u043d\u0438\u0442\u0435\u043b\u044c\u043d\u044b\u0445 \u0443\u0434\u043e\u0431\u0441\u0442\u0432\u0430\u0445 \u0438\u043b\u0438 \u043e\u0440\u0433\u0430\u043d\u0438\u0437\u043e\u0432\u0430\u0442\u044c \u043c\u0435\u0440\u043e\u043f\u0440\u0438\u044f\u0442\u0438\u0435. \u041c\u044b \u0432\u0441\u0435\u0433\u0434\u0430 \u0440\u0430\u0434\u044b \u043f\u043e\u043c\u043e\u0447\u044c \u0441\u0434\u0435\u043b\u0430\u0442\u044c \u0432\u0430\u0448 \u043e\u0442\u0434\u044b\u0445 \u043a\u043e\u043c\u0444\u043e\u0440\u0442\u043d\u044b\u043c \u0438 \u0437\u0430\u043f\u043e\u043c\u0438\u043d\u0430\u044e\u0449\u0438\u043c\u0441\u044f. \u041d\u0430\u0448 \u043a\u043e\u043c\u043f\u043b\u0435\u043a\u0441 \u0440\u0430\u0441\u043f\u043e\u043b\u043e\u0436\u0435\u043d \u0432\u0441\u0435\u0433\u043e \u0432 38 \u043a\u043c \u043e\u0442 \u0422\u0430\u043b\u043b\u0438\u043d\u043d\u0430 \u2014 \u0443\u0434\u043e\u0431\u043d\u043e\u0435 \u043c\u0435\u0441\u0442\u043e \u0434\u043b\u044f \u043e\u0442\u0434\u044b\u0445\u0430 \u043d\u0435\u0434\u0430\u043b\u0435\u043a\u043e \u043e\u0442 \u0433\u043e\u0440\u043e\u0434\u0430. \u041a\u043e\u043d\u0442\u0430\u043a\u0442\u044b +372 5066 139 info@sauna24.ee&hellip;","_links":{"self":[{"href":"https:\/\/sauna24.ee\/et\/wp-json\/wp\/v2\/pages\/97","targetHints":{"allow":["GET"]}}],"collection":[{"href":"https:\/\/sauna24.ee\/et\/wp-json\/wp\/v2\/pages"}],"about":[{"href":"https:\/\/sauna24.ee\/et\/wp-json\/wp\/v2\/types\/page"}],"author":[{"embeddable":true,"href":"https:\/\/sauna24.ee\/et\/wp-json\/wp\/v2\/users\/1"}],"replies":[{"embeddable":true,"href":"https:\/\/sauna24.ee\/et\/wp-json\/wp\/v2\/comments?post=97"}],"version-history":[{"count":30,"href":"https:\/\/sauna24.ee\/et\/wp-json\/wp\/v2\/pages\/97\/revisions"}],"predecessor-version":[{"id":446,"href":"https:\/\/sauna24.ee\/et\/wp-json\/wp\/v2\/pages\/97\/revisions\/446"}],"wp:attachment":[{"href":"https:\/\/sauna24.ee\/et\/wp-json\/wp\/v2\/media?parent=97"}],"curies":[{"name":"wp","href":"https:\/\/api.w.org\/{rel}","templated":true}]}}