{"id":96,"date":"2025-06-02T21:10:07","date_gmt":"2025-06-02T21:10:07","guid":{"rendered":"https:\/\/sauna24.ee\/?page_id=96"},"modified":"2026-02-09T07:48:58","modified_gmt":"2026-02-09T07:48:58","slug":"%d0%b0%d0%ba%d1%82%d0%b8%d0%b2%d0%bd%d0%be%d1%81%d1%82%d0%b8-%d0%bd%d0%b0-%d0%bf%d1%80%d0%b8%d1%80%d0%be%d0%b4%d0%b5","status":"publish","type":"page","link":"https:\/\/sauna24.ee\/et\/%d0%b0%d0%ba%d1%82%d0%b8%d0%b2%d0%bd%d0%be%d1%81%d1%82%d0%b8-%d0%bd%d0%b0-%d0%bf%d1%80%d0%b8%d1%80%d0%be%d0%b4%d0%b5\/","title":{"rendered":"Vaba aja tegevused"},"content":{"rendered":"<div class=\"wp-block-group alignfull has-white-background-color has-background is-layout-constrained wp-block-group-is-layout-constrained\" style=\"padding-top:7rem;padding-bottom:7rem\">\n<h1 class=\"wp-block-heading has-text-align-center has-palette-color-1-color has-text-color has-link-color wp-elements-74432c4652235b77cd19116dd79a9d51\" style=\"margin-top:0;font-size:clamp(28.836px, 1.802rem + ((1vw - 3.2px) * 1.653), 50px);font-style:normal;font-weight:700;line-height:1.2\">Vaba aja tegevused<\/h1>\n\n\n\n<p class=\"has-text-align-center has-palette-color-1-color has-text-color has-link-color wp-elements-09745dea50ba986ff403317fe13d7bd9\" style=\"margin-bottom:var(--wp--preset--spacing--80)\">Eemal linnak\u00e4rast ootab teid looduse rahulik r\u00fctm. <br>Avastage \u00fcmbruskonda jalutades, vaadelge linde, hingake s\u00fcgavalt \u2014 siin on k\u00f5ik loodud t\u00f5eliseks puhkuseks ja sisemiseks taastumiseks.<\/p>\n\n\n\n<div class=\"wp-block-stackable-columns stk-block-columns stk-block stk-b69b312\" data-block-id=\"b69b312\"><style>.stk-b69b312 {border-top-left-radius:25px !important;border-top-right-radius:25px !important;border-bottom-right-radius:25px !important;border-bottom-left-radius:25px !important;overflow:hidden !important;border-style:solid !important;border-color:#00000024 !important;border-top-width:1px !important;border-right-width:1px !important;border-bottom-width:1px !important;border-left-width:1px !important;margin-bottom:40px !important;}.stk-b69b312-column{--stk-columns-spacing:25px !important;}<\/style><div class=\"stk-row stk-inner-blocks stk-block-content stk-content-align stk-b69b312-column\">\n<div class=\"wp-block-stackable-column stk-block-column stk-column stk-block stk-8abc35b\" data-v=\"4\" data-block-id=\"8abc35b\"><style>@media screen and (min-width:690px){.stk-8abc35b {flex:var(--stk-flex-grow, 1) 1 calc(30% - var(--stk-column-gap, 0px) * 1 \/ 2 ) !important;}}<\/style><div class=\"stk-column-wrapper stk-block-column__content stk-container stk-8abc35b-container stk--no-background stk--no-padding\"><div class=\"stk-block-content stk-inner-blocks stk-8abc35b-inner-blocks\">\n<figure class=\"wp-block-image size-large has-custom-border\"><img loading=\"lazy\" decoding=\"async\" width=\"1024\" height=\"683\" src=\"https:\/\/sauna24.ee\/wp-content\/uploads\/2025\/06\/maksim-shutov-om-0jtqyRA-unsplash-1024x683.jpg\" alt=\"\" class=\"wp-image-341\" style=\"border-radius:20px;aspect-ratio:3\/2;object-fit:cover\" srcset=\"https:\/\/sauna24.ee\/wp-content\/uploads\/2025\/06\/maksim-shutov-om-0jtqyRA-unsplash-1024x683.jpg 1024w, https:\/\/sauna24.ee\/wp-content\/uploads\/2025\/06\/maksim-shutov-om-0jtqyRA-unsplash-300x200.jpg 300w, https:\/\/sauna24.ee\/wp-content\/uploads\/2025\/06\/maksim-shutov-om-0jtqyRA-unsplash-768x512.jpg 768w, https:\/\/sauna24.ee\/wp-content\/uploads\/2025\/06\/maksim-shutov-om-0jtqyRA-unsplash-1536x1024.jpg 1536w, https:\/\/sauna24.ee\/wp-content\/uploads\/2025\/06\/maksim-shutov-om-0jtqyRA-unsplash-2048x1365.jpg 2048w\" sizes=\"auto, (max-width: 1024px) 100vw, 1024px\" \/><\/figure>\n<\/div><\/div><\/div>\n\n\n\n<div class=\"wp-block-stackable-column stk-block-column stk-column stk-block stk-7af73b7\" data-v=\"4\" data-block-id=\"7af73b7\"><style>@media screen and (min-width:690px){.stk-7af73b7 {flex:var(--stk-flex-grow, 1) 1 calc(70% - var(--stk-column-gap, 0px) * 1 \/ 2 ) !important;}}<\/style><div class=\"stk-column-wrapper stk-block-column__content stk-container stk-7af73b7-container stk--no-background stk--no-padding\"><div class=\"stk-block-content stk-inner-blocks stk-7af73b7-inner-blocks\">\n<h1 class=\"wp-block-heading has-text-align-left\" style=\"margin-top:0;margin-bottom:var(--wp--preset--spacing--40);font-size:clamp(24.034px, 1.502rem + ((1vw - 3.2px) * 1.247), 40px);font-style:normal;font-weight:700;line-height:1.2\">K\u00f5nnu raba<\/h1>\n\n\n\n<p class=\"has-palette-color-1-color has-text-color has-link-color wp-elements-fa5b33ae298c1088013be753ee0dbbc3\">Looduse- ja matkas\u00f5pradel tasub kindlasti k\u00fclastada K\u00f5nnu raba \u2014 see on maaliline paik vaid 12-minutilise autos\u00f5idu kaugusel meie puhkekeskusest. Seal kulgevad mugavad laudteed, kus saab jalutada ning nautida vaikust, v\u00e4rsket \u00f5hku ja maastikke. See on suurep\u00e4rane viis veeta aega looduses \u2014 ilma ruttamata ja t\u00e4ielikus harmoonias \u00fcmbritsevaga.<\/p>\n<\/div><\/div><\/div>\n<\/div><\/div>\n\n\n\n<div class=\"wp-block-stackable-columns stk-block-columns stk-block stk-fa4fdb5\" data-block-id=\"fa4fdb5\"><style>.stk-fa4fdb5 {border-top-left-radius:25px !important;border-top-right-radius:25px !important;border-bottom-right-radius:25px !important;border-bottom-left-radius:25px !important;overflow:hidden !important;border-style:solid !important;border-color:#00000024 !important;border-top-width:1px !important;border-right-width:1px !important;border-bottom-width:1px !important;border-left-width:1px !important;margin-bottom:40px !important;}.stk-fa4fdb5-column{--stk-columns-spacing:25px !important;}<\/style><div class=\"stk-row stk-inner-blocks stk-block-content stk-content-align stk-fa4fdb5-column\">\n<div class=\"wp-block-stackable-column stk-block-column stk-column stk-block stk-d59219f\" data-v=\"4\" data-block-id=\"d59219f\"><style>@media screen and (min-width:690px){.stk-d59219f {flex:var(--stk-flex-grow, 1) 1 calc(30% - var(--stk-column-gap, 0px) * 1 \/ 2 ) !important;}}<\/style><div class=\"stk-column-wrapper stk-block-column__content stk-container stk-d59219f-container stk--no-background stk--no-padding\"><div class=\"stk-block-content stk-inner-blocks stk-d59219f-inner-blocks\">\n<figure class=\"wp-block-image size-large has-custom-border\"><img loading=\"lazy\" decoding=\"async\" width=\"1024\" height=\"614\" src=\"https:\/\/sauna24.ee\/wp-content\/uploads\/2025\/06\/sibeesh-venu-5f6kzPd-Td8-unsplash-1024x614.jpg\" alt=\"\" class=\"wp-image-357\" style=\"border-radius:20px;aspect-ratio:3\/2;object-fit:cover\" srcset=\"https:\/\/sauna24.ee\/wp-content\/uploads\/2025\/06\/sibeesh-venu-5f6kzPd-Td8-unsplash-1024x614.jpg 1024w, https:\/\/sauna24.ee\/wp-content\/uploads\/2025\/06\/sibeesh-venu-5f6kzPd-Td8-unsplash-300x180.jpg 300w, https:\/\/sauna24.ee\/wp-content\/uploads\/2025\/06\/sibeesh-venu-5f6kzPd-Td8-unsplash-768x460.jpg 768w, https:\/\/sauna24.ee\/wp-content\/uploads\/2025\/06\/sibeesh-venu-5f6kzPd-Td8-unsplash-1536x921.jpg 1536w, https:\/\/sauna24.ee\/wp-content\/uploads\/2025\/06\/sibeesh-venu-5f6kzPd-Td8-unsplash-2048x1228.jpg 2048w\" sizes=\"auto, (max-width: 1024px) 100vw, 1024px\" \/><\/figure>\n<\/div><\/div><\/div>\n\n\n\n<div class=\"wp-block-stackable-column stk-block-column stk-column stk-block stk-be3cc77\" data-v=\"4\" data-block-id=\"be3cc77\"><style>@media screen and (min-width:690px){.stk-be3cc77 {flex:var(--stk-flex-grow, 1) 1 calc(70% - var(--stk-column-gap, 0px) * 1 \/ 2 ) !important;}}<\/style><div class=\"stk-column-wrapper stk-block-column__content stk-container stk-be3cc77-container stk--no-background stk--no-padding\"><div class=\"stk-block-content stk-inner-blocks stk-be3cc77-inner-blocks\">\n<h1 class=\"wp-block-heading has-text-align-left\" style=\"margin-top:0;margin-bottom:var(--wp--preset--spacing--40);font-size:clamp(24.034px, 1.502rem + ((1vw - 3.2px) * 1.247), 40px);font-style:normal;font-weight:700;line-height:1.2\">Paadis\u00f5it<\/h1>\n\n\n\n<p class=\"has-palette-color-1-color has-text-color has-link-color wp-elements-633614829e743f3fe02b06425a5d78db\">Meie majad asuvad Keila j\u00f5e vahetus l\u00e4heduses, seega vaid m\u00f5ne minuti kaugusel puhkekeskusest saate suunduda v\u00e4ikesele veematkale m\u00f6\u00f6da j\u00f5e rahulikku voolu. See on suurep\u00e4rane v\u00f5imalus n\u00e4ha loodust uue nurga alt, puhata igap\u00e4evasest saginast ning veeta aega aktiivselt, kuid ilma liigse pingutuseta.<br><strong>Hind \u2014 15 \u20ac p\u00e4evas inimese kohta. Vajalik eelnev broneerimine.<\/strong><\/p>\n<\/div><\/div><\/div>\n<\/div><\/div>\n\n\n\n<div class=\"wp-block-stackable-columns stk-block-columns stk-block stk-3f66220\" data-block-id=\"3f66220\"><style>.stk-3f66220 {border-top-left-radius:25px !important;border-top-right-radius:25px !important;border-bottom-right-radius:25px !important;border-bottom-left-radius:25px !important;overflow:hidden !important;border-style:solid !important;border-color:#00000024 !important;border-top-width:1px !important;border-right-width:1px !important;border-bottom-width:1px !important;border-left-width:1px !important;margin-bottom:40px !important;}.stk-3f66220-column{--stk-columns-spacing:25px !important;}<\/style><div class=\"stk-row stk-inner-blocks stk-block-content stk-content-align stk-3f66220-column\">\n<div class=\"wp-block-stackable-column stk-block-column stk-column stk-block stk-48e6697\" data-v=\"4\" data-block-id=\"48e6697\"><style>@media screen and (min-width:690px){.stk-48e6697 {flex:var(--stk-flex-grow, 1) 1 calc(30% - var(--stk-column-gap, 0px) * 1 \/ 2 ) !important;}}<\/style><div class=\"stk-column-wrapper stk-block-column__content stk-container stk-48e6697-container stk--no-background stk--no-padding\"><div class=\"stk-block-content stk-inner-blocks stk-48e6697-inner-blocks\">\n<figure class=\"wp-block-image size-large has-custom-border\"><img loading=\"lazy\" decoding=\"async\" width=\"1024\" height=\"683\" src=\"https:\/\/sauna24.ee\/wp-content\/uploads\/2025\/06\/judith-prins-AJa7S1fjy-I-unsplash-1024x683.jpg\" alt=\"\" class=\"wp-image-421\" style=\"border-radius:20px;aspect-ratio:3\/2;object-fit:cover\" srcset=\"https:\/\/sauna24.ee\/wp-content\/uploads\/2025\/06\/judith-prins-AJa7S1fjy-I-unsplash-1024x683.jpg 1024w, https:\/\/sauna24.ee\/wp-content\/uploads\/2025\/06\/judith-prins-AJa7S1fjy-I-unsplash-300x200.jpg 300w, https:\/\/sauna24.ee\/wp-content\/uploads\/2025\/06\/judith-prins-AJa7S1fjy-I-unsplash-768x512.jpg 768w, https:\/\/sauna24.ee\/wp-content\/uploads\/2025\/06\/judith-prins-AJa7S1fjy-I-unsplash-1536x1024.jpg 1536w, https:\/\/sauna24.ee\/wp-content\/uploads\/2025\/06\/judith-prins-AJa7S1fjy-I-unsplash-2048x1365.jpg 2048w\" sizes=\"auto, (max-width: 1024px) 100vw, 1024px\" \/><\/figure>\n<\/div><\/div><\/div>\n\n\n\n<div class=\"wp-block-stackable-column stk-block-column stk-column stk-block stk-42f1d38\" data-v=\"4\" data-block-id=\"42f1d38\"><style>@media screen and (min-width:690px){.stk-42f1d38 {flex:var(--stk-flex-grow, 1) 1 calc(70% - var(--stk-column-gap, 0px) * 1 \/ 2 ) !important;}}<\/style><div class=\"stk-column-wrapper stk-block-column__content stk-container stk-42f1d38-container stk--no-background stk--no-padding\"><div class=\"stk-block-content stk-inner-blocks stk-42f1d38-inner-blocks\">\n<h1 class=\"wp-block-heading has-text-align-left\" style=\"margin-top:0;margin-bottom:var(--wp--preset--spacing--40);font-size:clamp(24.034px, 1.502rem + ((1vw - 3.2px) * 1.247), 40px);font-style:normal;font-weight:700;line-height:1.2\">Loomafarm<\/h1>\n\n\n\n<p class=\"has-palette-color-1-color has-text-color has-link-color wp-elements-cac41bc732c4450d71d18af5620d1c51\">Puhkekeskuse territooriumil ootab k\u00fclalisi v\u00e4ike koduloomafarm \u2014 siin elavad j\u00e4\u00e4rad, lambad ja k\u00fc\u00fclikud. See on tore koht k\u00fclastamiseks kogu perega: saate loomi s\u00f6\u00f6ta, nende tegemisi j\u00e4lgida ja lihtsalt m\u00f5nusalt aega veeta. Farm on k\u00fclastajatele avatud ning pakub erilist r\u00f5\u00f5mu lastele, v\u00f5imaldades sooja tutvust maaeluga.<\/p>\n<\/div><\/div><\/div>\n<\/div><\/div>\n<\/div>","protected":false},"excerpt":{"rendered":"<p>\u0410\u043a\u0442\u0438\u0432\u043d\u043e\u0441\u0442\u0438 \u043d\u0430 \u043f\u0440\u0438\u0440\u043e\u0434\u0435 \u0412\u0434\u0430\u043b\u0438 \u043e\u0442 \u0433\u043e\u0440\u043e\u0434\u0441\u043a\u043e\u0439 \u0441\u0443\u0435\u0442\u044b \u0432\u0430\u0441 \u0436\u0434\u0451\u0442 \u043d\u0435\u0441\u043f\u0435\u0448\u043d\u044b\u0439 \u0440\u0438\u0442\u043c \u043f\u0440\u0438\u0440\u043e\u0434\u044b. \u0418\u0441\u0441\u043b\u0435\u0434\u0443\u0439\u0442\u0435 \u043e\u043a\u0440\u0435\u0441\u0442\u043d\u043e\u0441\u0442\u0438 \u0432\u043e \u0432\u0440\u0435\u043c\u044f \u043f\u0440\u043e\u0433\u0443\u043b\u043a\u0438, \u043d\u0430\u0431\u043b\u044e\u0434\u0430\u0439\u0442\u0435 \u0437\u0430 \u043f\u0442\u0438\u0446\u0430\u043c\u0438, \u0434\u044b\u0448\u0438\u0442\u0435 \u0433\u043b\u0443\u0431\u0436\u0435 \u2014 \u0437\u0434\u0435\u0441\u044c \u0432\u0441\u0451 \u0440\u0430\u0441\u043f\u043e\u043b\u0430\u0433\u0430\u0435\u0442 \u043a \u043d\u0430\u0441\u0442\u043e\u044f\u0449\u0435\u043c\u0443 \u043e\u0442\u0434\u044b\u0445\u0443 \u0438 \u0432\u043d\u0443\u0442\u0440\u0435\u043d\u043d\u0435\u0439 \u043f\u0435\u0440\u0435\u0437\u0430\u0433\u0440\u0443\u0437\u043a\u0435. \u0411\u043e\u043b\u043e\u0442\u043e K\u00f5nnu \u041b\u044e\u0431\u0438\u0442\u0435\u043b\u044f\u043c \u043f\u0440\u0438\u0440\u043e\u0434\u044b \u0438 \u043f\u0440\u043e\u0433\u0443\u043b\u043e\u043a \u0442\u043e\u0447\u043d\u043e \u0441\u0442\u043e\u0438\u0442 \u0437\u0430\u0433\u043b\u044f\u043d\u0443\u0442\u044c \u0432 K\u00f5nnu \u2014 \u0436\u0438\u0432\u043e\u043f\u0438\u0441\u043d\u043e\u0435 \u0431\u043e\u043b\u043e\u0442\u043e \u0432\u0441\u0435\u0433\u043e \u0432 12 \u043c\u0438\u043d\u0443\u0442\u0430\u0445 \u0435\u0437\u0434\u044b \u043e\u0442 \u043d\u0430\u0448\u0435\u0433\u043e \u043a\u043e\u043c\u043f\u043b\u0435\u043a\u0441\u0430. \u0417\u0434\u0435\u0441\u044c [&hellip;]<\/p>\n","protected":false},"author":1,"featured_media":0,"parent":0,"menu_order":0,"comment_status":"closed","ping_status":"closed","template":"","meta":{"_uag_custom_page_level_css":"","footnotes":""},"class_list":["post-96","page","type-page","status-publish","hentry"],"blocksy_meta":[],"uagb_featured_image_src":{"full":false,"thumbnail":false,"medium":false,"medium_large":false,"large":false,"1536x1536":false,"2048x2048":false,"trp-custom-language-flag":false},"uagb_author_info":{"display_name":"admin","author_link":"https:\/\/sauna24.ee\/et\/author\/admin\/"},"uagb_comment_info":0,"uagb_excerpt":"\u0410\u043a\u0442\u0438\u0432\u043d\u043e\u0441\u0442\u0438 \u043d\u0430 \u043f\u0440\u0438\u0440\u043e\u0434\u0435 \u0412\u0434\u0430\u043b\u0438 \u043e\u0442 \u0433\u043e\u0440\u043e\u0434\u0441\u043a\u043e\u0439 \u0441\u0443\u0435\u0442\u044b \u0432\u0430\u0441 \u0436\u0434\u0451\u0442 \u043d\u0435\u0441\u043f\u0435\u0448\u043d\u044b\u0439 \u0440\u0438\u0442\u043c \u043f\u0440\u0438\u0440\u043e\u0434\u044b. \u0418\u0441\u0441\u043b\u0435\u0434\u0443\u0439\u0442\u0435 \u043e\u043a\u0440\u0435\u0441\u0442\u043d\u043e\u0441\u0442\u0438 \u0432\u043e \u0432\u0440\u0435\u043c\u044f \u043f\u0440\u043e\u0433\u0443\u043b\u043a\u0438, \u043d\u0430\u0431\u043b\u044e\u0434\u0430\u0439\u0442\u0435 \u0437\u0430 \u043f\u0442\u0438\u0446\u0430\u043c\u0438, \u0434\u044b\u0448\u0438\u0442\u0435 \u0433\u043b\u0443\u0431\u0436\u0435 \u2014 \u0437\u0434\u0435\u0441\u044c \u0432\u0441\u0451 \u0440\u0430\u0441\u043f\u043e\u043b\u0430\u0433\u0430\u0435\u0442 \u043a \u043d\u0430\u0441\u0442\u043e\u044f\u0449\u0435\u043c\u0443 \u043e\u0442\u0434\u044b\u0445\u0443 \u0438 \u0432\u043d\u0443\u0442\u0440\u0435\u043d\u043d\u0435\u0439 \u043f\u0435\u0440\u0435\u0437\u0430\u0433\u0440\u0443\u0437\u043a\u0435. \u0411\u043e\u043b\u043e\u0442\u043e K\u00f5nnu \u041b\u044e\u0431\u0438\u0442\u0435\u043b\u044f\u043c \u043f\u0440\u0438\u0440\u043e\u0434\u044b \u0438 \u043f\u0440\u043e\u0433\u0443\u043b\u043e\u043a \u0442\u043e\u0447\u043d\u043e \u0441\u0442\u043e\u0438\u0442 \u0437\u0430\u0433\u043b\u044f\u043d\u0443\u0442\u044c \u0432 K\u00f5nnu \u2014 \u0436\u0438\u0432\u043e\u043f\u0438\u0441\u043d\u043e\u0435 \u0431\u043e\u043b\u043e\u0442\u043e \u0432\u0441\u0435\u0433\u043e \u0432 12 \u043c\u0438\u043d\u0443\u0442\u0430\u0445 \u0435\u0437\u0434\u044b \u043e\u0442 \u043d\u0430\u0448\u0435\u0433\u043e \u043a\u043e\u043c\u043f\u043b\u0435\u043a\u0441\u0430. \u0417\u0434\u0435\u0441\u044c&hellip;","_links":{"self":[{"href":"https:\/\/sauna24.ee\/et\/wp-json\/wp\/v2\/pages\/96","targetHints":{"allow":["GET"]}}],"collection":[{"href":"https:\/\/sauna24.ee\/et\/wp-json\/wp\/v2\/pages"}],"about":[{"href":"https:\/\/sauna24.ee\/et\/wp-json\/wp\/v2\/types\/page"}],"author":[{"embeddable":true,"href":"https:\/\/sauna24.ee\/et\/wp-json\/wp\/v2\/users\/1"}],"replies":[{"embeddable":true,"href":"https:\/\/sauna24.ee\/et\/wp-json\/wp\/v2\/comments?post=96"}],"version-history":[{"count":32,"href":"https:\/\/sauna24.ee\/et\/wp-json\/wp\/v2\/pages\/96\/revisions"}],"predecessor-version":[{"id":448,"href":"https:\/\/sauna24.ee\/et\/wp-json\/wp\/v2\/pages\/96\/revisions\/448"}],"wp:attachment":[{"href":"https:\/\/sauna24.ee\/et\/wp-json\/wp\/v2\/media?parent=96"}],"curies":[{"name":"wp","href":"https:\/\/api.w.org\/{rel}","templated":true}]}}