{"id":104,"date":"2025-06-02T21:04:08","date_gmt":"2025-06-02T21:04:08","guid":{"rendered":"https:\/\/sauna24.ee\/?page_id=104"},"modified":"2026-02-09T08:04:09","modified_gmt":"2026-02-09T08:04:09","slug":"%d0%b3%d0%bb%d0%b0%d0%b2%d0%bd%d0%b0%d1%8f-%d1%81%d1%82%d1%80%d0%b0%d0%bd%d0%b8%d1%86%d0%b0","status":"publish","type":"page","link":"https:\/\/sauna24.ee\/et\/","title":{"rendered":"Avaleht"},"content":{"rendered":"<div class=\"wp-block-cover alignfull has-parallax\" style=\"min-height:548px;aspect-ratio:unset;\"><div class=\"wp-block-cover__image-background wp-image-180 size-large has-parallax\" style=\"background-position:50% 50%;background-image:url(https:\/\/sauna24.ee\/wp-content\/uploads\/2025\/06\/nature-5168551-1-1024x683.jpg)\"><\/div><span aria-hidden=\"true\" class=\"wp-block-cover__background has-background-dim-40 has-background-dim wp-block-cover__gradient-background has-background-gradient\" style=\"background:linear-gradient(-20deg,rgb(44,44,44) 0%,rgb(155,197,195) 100%)\"><\/span><div class=\"wp-block-cover__inner-container is-layout-flow wp-block-cover-is-layout-flow\">\n<h1 class=\"wp-block-heading has-text-align-center has-palette-color-6-color has-text-color has-link-color has-x-large-font-size wp-elements-2bb099979735b079e9443f39bd6a6746\" style=\"margin-top:0;margin-right:var(--wp--preset--spacing--50);margin-bottom:20px;margin-left:var(--wp--preset--spacing--50);font-style:normal;font-weight:700;line-height:1.2\">Puhka. Naudi. Ela hetkes.<\/h1>\n\n\n\n<p class=\"has-text-align-center has-palette-color-6-color has-text-color has-link-color wp-elements-b516323e34b579b0ec58c3dbe0233584\" style=\"margin-bottom:50px;font-size:clamp(16.293px, 1.018rem + ((1vw - 3.2px) * 0.68), 25px);\">Kodused majad meeleolukaks ajaveetmiseks pere ja s\u00f5pradega.<\/p>\n\n\n\n<div class=\"wp-block-buttons is-content-justification-center is-layout-flex wp-container-core-buttons-is-layout-241c0bc1 wp-block-buttons-is-layout-flex\">\n<div class=\"wp-block-button is-style-fill\"><a class=\"wp-block-button__link has-palette-color-1-color has-palette-color-5-background-color has-text-color has-background has-link-color has-custom-font-size wp-element-button\" href=\"https:\/\/sauna24.ee\/et\/\u0431\u0440\u043e\u043d\u0438\u0440\u043e\u0432\u0430\u043d\u0438\u0435-\u0438-\u043a\u043e\u043d\u0442\u0430\u043a\u0442\u044b\/\" style=\"border-radius:100px;padding-top:15px;padding-right:25px;padding-bottom:15px;padding-left:25px;font-size:clamp(14px, 0.875rem + ((1vw - 3.2px) * 0.313), 18px);\"><strong>BRONEERI<\/strong><\/a><\/div>\n<\/div>\n<\/div><\/div>\n\n\n\n<div class=\"wp-block-group alignfull has-white-background-color has-background is-layout-constrained wp-block-group-is-layout-constrained\" style=\"padding-top:1.6rem;padding-bottom:5rem\">\n<h2 class=\"wp-block-heading has-text-align-center has-palette-color-1-color has-text-color has-link-color wp-elements-c050370ba3fdc7166c0b4fb1b5b71417\" style=\"margin-top:0;font-size:clamp(28.836px, 1.802rem + ((1vw - 3.2px) * 1.653), 50px);font-style:normal;font-weight:700;line-height:1.2\">Klientide tagasiside<\/h2>\n\n\n\n<p class=\"has-text-align-center has-palette-color-1-color has-text-color has-link-color wp-elements-bad5c528768db3259a3a79bc003a9259\" style=\"margin-bottom:var(--wp--preset--spacing--70)\">Oleme uhked selle \u00fcle, et meie k\u00fclalised j\u00e4\u00e4vad oma puhkusega rahule!<br>Iga rahulolev k\u00fclaline on meile kui pereliige. T\u00e4name teid s\u00fcdamest, et valisite just meie puhkemaja ning et p\u00f6\u00f6rdute ikka ja j\u00e4lle meie juurde tagasi.<\/p>\n\n\n\n<div class=\"wp-block-columns is-layout-flex wp-container-core-columns-is-layout-46aefb5a wp-block-columns-is-layout-flex\" style=\"margin-bottom:0\">\n<div class=\"wp-block-column has-border-color is-layout-flow wp-block-column-is-layout-flow\" style=\"border-color:#00000024;border-style:solid;border-width:1px;border-radius:20px;padding-top:30px;padding-right:30px;padding-bottom:30px;padding-left:30px\">\n<div class=\"wp-block-group is-content-justification-center is-nowrap is-layout-flex wp-container-core-group-is-layout-faecc223 wp-block-group-is-layout-flex\" style=\"margin-bottom:50px\">\n<figure class=\"wp-block-image size-full is-resized has-custom-border\"><img loading=\"lazy\" decoding=\"async\" width=\"1707\" height=\"2560\" src=\"https:\/\/sauna24.ee\/wp-content\/uploads\/2025\/06\/pexels-ozgomz-1755385-scaled.jpg\" alt=\"\" class=\"wp-image-201\" style=\"border-style:none;border-width:0px;border-radius:100%;aspect-ratio:1;object-fit:cover;width:150px\" srcset=\"https:\/\/sauna24.ee\/wp-content\/uploads\/2025\/06\/pexels-ozgomz-1755385-scaled.jpg 1707w, https:\/\/sauna24.ee\/wp-content\/uploads\/2025\/06\/pexels-ozgomz-1755385-200x300.jpg 200w, https:\/\/sauna24.ee\/wp-content\/uploads\/2025\/06\/pexels-ozgomz-1755385-683x1024.jpg 683w, https:\/\/sauna24.ee\/wp-content\/uploads\/2025\/06\/pexels-ozgomz-1755385-768x1152.jpg 768w, https:\/\/sauna24.ee\/wp-content\/uploads\/2025\/06\/pexels-ozgomz-1755385-1024x1536.jpg 1024w, https:\/\/sauna24.ee\/wp-content\/uploads\/2025\/06\/pexels-ozgomz-1755385-1365x2048.jpg 1365w\" sizes=\"auto, (max-width: 1707px) 100vw, 1707px\" \/><\/figure>\n<\/div>\n\n\n\n<h2 class=\"wp-block-heading has-text-align-center has-palette-color-1-color has-text-color has-link-color has-medium-font-size wp-elements-0ee0cfb9fe2452573eee764eed15f36a\" style=\"margin-top:0px\"><strong>Tatiana<\/strong><\/h2>\n\n\n\n<p class=\"has-text-align-center has-palette-color-1-color has-text-color has-link-color wp-elements-9705fb7ac291eca951e3c34463afd54a\" style=\"margin-bottom:30px\">\u00dcllatavalt suur ja hubane maja. Mahutab \u00fcle 10 inimese. Maja \u00fcmber jooksis palju lambaid \u2013 v\u00e4ga armas vaatepilt. Saun oli hea ja tiik kaunis.<\/p>\n<\/div>\n\n\n\n<div class=\"wp-block-column has-border-color is-layout-flow wp-block-column-is-layout-flow\" style=\"border-color:#00000024;border-style:solid;border-width:1px;border-radius:20px;padding-top:30px;padding-right:30px;padding-bottom:30px;padding-left:30px\">\n<div class=\"wp-block-group is-content-justification-center is-nowrap is-layout-flex wp-container-core-group-is-layout-faecc223 wp-block-group-is-layout-flex\" style=\"margin-bottom:50px\">\n<figure class=\"wp-block-image size-full is-resized has-custom-border\"><img loading=\"lazy\" decoding=\"async\" width=\"2560\" height=\"1707\" src=\"https:\/\/sauna24.ee\/wp-content\/uploads\/2025\/06\/pexels-olly-839011-scaled.jpg\" alt=\"\" class=\"wp-image-202\" style=\"border-radius:100%;aspect-ratio:1;object-fit:cover;width:150px\" srcset=\"https:\/\/sauna24.ee\/wp-content\/uploads\/2025\/06\/pexels-olly-839011-scaled.jpg 2560w, https:\/\/sauna24.ee\/wp-content\/uploads\/2025\/06\/pexels-olly-839011-300x200.jpg 300w, https:\/\/sauna24.ee\/wp-content\/uploads\/2025\/06\/pexels-olly-839011-1024x683.jpg 1024w, https:\/\/sauna24.ee\/wp-content\/uploads\/2025\/06\/pexels-olly-839011-768x512.jpg 768w, https:\/\/sauna24.ee\/wp-content\/uploads\/2025\/06\/pexels-olly-839011-1536x1024.jpg 1536w, https:\/\/sauna24.ee\/wp-content\/uploads\/2025\/06\/pexels-olly-839011-2048x1365.jpg 2048w\" sizes=\"auto, (max-width: 2560px) 100vw, 2560px\" \/><\/figure>\n<\/div>\n\n\n\n<h2 class=\"wp-block-heading has-text-align-center has-palette-color-1-color has-text-color has-link-color has-medium-font-size wp-elements-ca99bacfe73b3d85daf5d5a29997be06\" style=\"margin-top:0px\">Kristjan<\/h2>\n\n\n\n<p class=\"has-text-align-center has-palette-color-1-color has-text-color has-link-color wp-elements-8d58a0c5995d1d8f5ab10fff4c70bab2\" style=\"margin-bottom:30px\">Hea ja vaikne koht, s\u00f5bralik peremees. Majas oli palju ruumi ja saun oli suurep\u00e4rane.<\/p>\n<\/div>\n\n\n\n<div class=\"wp-block-column has-border-color is-layout-flow wp-block-column-is-layout-flow\" style=\"border-color:#00000024;border-style:solid;border-width:1px;border-radius:20px;padding-top:30px;padding-right:30px;padding-bottom:30px;padding-left:30px\">\n<div class=\"wp-block-group is-content-justification-center is-nowrap is-layout-flex wp-container-core-group-is-layout-faecc223 wp-block-group-is-layout-flex\" style=\"margin-bottom:50px\">\n<figure class=\"wp-block-image size-full is-resized has-custom-border\"><img loading=\"lazy\" decoding=\"async\" width=\"2560\" height=\"1707\" src=\"https:\/\/sauna24.ee\/wp-content\/uploads\/2025\/06\/pexels-alexeydemidov-11352707-scaled.jpg\" alt=\"\" class=\"wp-image-204\" style=\"border-radius:100%;aspect-ratio:1;object-fit:cover;width:150px\" srcset=\"https:\/\/sauna24.ee\/wp-content\/uploads\/2025\/06\/pexels-alexeydemidov-11352707-scaled.jpg 2560w, https:\/\/sauna24.ee\/wp-content\/uploads\/2025\/06\/pexels-alexeydemidov-11352707-300x200.jpg 300w, https:\/\/sauna24.ee\/wp-content\/uploads\/2025\/06\/pexels-alexeydemidov-11352707-1024x683.jpg 1024w, https:\/\/sauna24.ee\/wp-content\/uploads\/2025\/06\/pexels-alexeydemidov-11352707-768x512.jpg 768w, https:\/\/sauna24.ee\/wp-content\/uploads\/2025\/06\/pexels-alexeydemidov-11352707-1536x1024.jpg 1536w, https:\/\/sauna24.ee\/wp-content\/uploads\/2025\/06\/pexels-alexeydemidov-11352707-2048x1365.jpg 2048w\" sizes=\"auto, (max-width: 2560px) 100vw, 2560px\" \/><\/figure>\n<\/div>\n\n\n\n<h2 class=\"wp-block-heading has-text-align-center has-palette-color-1-color has-text-color has-link-color has-medium-font-size wp-elements-62b229d732bfeb96bce5a980160f90ee\" style=\"margin-top:0px\">Urmas<\/h2>\n\n\n\n<p class=\"has-text-align-center has-palette-color-1-color has-text-color has-link-color wp-elements-7f3077e4d75397d855ec6b1ad3b51a2b\" style=\"margin-bottom:30px\">M\u00f5nus n\u00e4dalavahetus s\u00f5prade seltsis \u2014 k\u00f5ik j\u00e4id koha valikuga rahule. Hea ja kergesti leitav asukoht.<\/p>\n<\/div>\n\n\n\n<div class=\"wp-block-column has-border-color is-layout-flow wp-block-column-is-layout-flow\" style=\"border-color:#00000024;border-width:1px;border-radius:20px;padding-top:30px;padding-right:30px;padding-bottom:30px;padding-left:30px\">\n<div class=\"wp-block-group is-content-justification-center is-nowrap is-layout-flex wp-container-core-group-is-layout-faecc223 wp-block-group-is-layout-flex\" style=\"margin-bottom:50px\">\n<figure class=\"wp-block-image size-full is-resized has-custom-border\"><img loading=\"lazy\" decoding=\"async\" width=\"1920\" height=\"1282\" src=\"https:\/\/sauna24.ee\/wp-content\/uploads\/2025\/06\/woman-3371263_1920.jpg\" alt=\"\" class=\"wp-image-206\" style=\"border-radius:100%;aspect-ratio:1;object-fit:cover;width:150px\" srcset=\"https:\/\/sauna24.ee\/wp-content\/uploads\/2025\/06\/woman-3371263_1920.jpg 1920w, https:\/\/sauna24.ee\/wp-content\/uploads\/2025\/06\/woman-3371263_1920-300x200.jpg 300w, https:\/\/sauna24.ee\/wp-content\/uploads\/2025\/06\/woman-3371263_1920-1024x684.jpg 1024w, https:\/\/sauna24.ee\/wp-content\/uploads\/2025\/06\/woman-3371263_1920-768x513.jpg 768w, https:\/\/sauna24.ee\/wp-content\/uploads\/2025\/06\/woman-3371263_1920-1536x1026.jpg 1536w\" sizes=\"auto, (max-width: 1920px) 100vw, 1920px\" \/><\/figure>\n<\/div>\n\n\n\n<h2 class=\"wp-block-heading has-text-align-center has-palette-color-1-color has-text-color has-link-color has-medium-font-size wp-elements-134b3629242bd407f3ed339431e67625\" style=\"margin-top:0px\">Helena<\/h2>\n\n\n\n<p class=\"has-text-align-center has-palette-color-1-color has-text-color has-link-color wp-elements-f4b69ccfd44bb79ca98fa9f47091355d\" style=\"margin-bottom:30px\">K\u00f5ik vastas t\u00e4pselt kirjeldusele. V\u00e4ga meeldivad ja abivalmid peremehed \u2014 ait\u00e4h sooja vastuv\u00f5tu eest!<\/p>\n<\/div>\n<\/div>\n<\/div>\n\n\n\n<h2 class=\"wp-block-heading has-text-align-center has-palette-color-1-color has-text-color has-link-color wp-elements-03a4d9a48e97c4a5957d14fd1b18e0a5\" style=\"margin-top:0;margin-bottom:var(--wp--preset--spacing--60);font-size:clamp(28.836px, 1.802rem + ((1vw - 3.2px) * 1.653), 50px);font-style:normal;font-weight:700;line-height:1.2\">Meie puhkemajad<\/h2>\n\n\n\n<div class=\"wp-block-columns is-layout-flex wp-container-core-columns-is-layout-ab1078e9 wp-block-columns-is-layout-flex\" style=\"margin-top:var(--wp--preset--spacing--70);margin-bottom:var(--wp--preset--spacing--80);padding-right:0px;padding-left:0px\">\n<div class=\"wp-block-column is-layout-flow wp-block-column-is-layout-flow\">\n<figure class=\"wp-block-image size-large has-custom-border is-style-rounded\" style=\"margin-top:0;margin-bottom:0\"><img loading=\"lazy\" decoding=\"async\" width=\"1024\" height=\"686\" src=\"https:\/\/sauna24.ee\/wp-content\/uploads\/2025\/06\/hauntingbox-1-1024x686.jpg\" alt=\"\" class=\"wp-image-156\" style=\"border-style:none;border-width:0px;border-radius:35px\" srcset=\"https:\/\/sauna24.ee\/wp-content\/uploads\/2025\/06\/hauntingbox-1-1024x686.jpg 1024w, https:\/\/sauna24.ee\/wp-content\/uploads\/2025\/06\/hauntingbox-1-300x201.jpg 300w, https:\/\/sauna24.ee\/wp-content\/uploads\/2025\/06\/hauntingbox-1-768x514.jpg 768w, https:\/\/sauna24.ee\/wp-content\/uploads\/2025\/06\/hauntingbox-1-1536x1028.jpg 1536w, https:\/\/sauna24.ee\/wp-content\/uploads\/2025\/06\/hauntingbox-1-2048x1371.jpg 2048w\" sizes=\"auto, (max-width: 1024px) 100vw, 1024px\" \/><\/figure>\n\n\n\n<h3 class=\"wp-block-heading has-text-align-center\" style=\"margin-top:var(--wp--preset--spacing--40);margin-bottom:var(--wp--preset--spacing--40)\">Huntingbox<\/h3>\n\n\n\n<p class=\"has-palette-color-4-color has-text-color has-link-color wp-elements-251d43b473b16053fc554871fa054686\">Avar peremaja sauna ja kaminaga on ideaalne paik \u00f5dusaks puhkuseks l\u00e4hedaste ringis. K\u00fclaliste k\u00e4sutuses on k\u00f6\u00f6ginurk koos pliidi, k\u00fclmiku, mikrolaineahju ja k\u00f5igi vajalike n\u00f5udega. \u00d5htud teeb eriliseks soe kamin ning soojal hooajal on v\u00f5imalik nautida grillimist v\u00e4rskes \u00f5hus. Lisaks on majas pesumasin, helikindlad seinad ja avatud v\u00e4line s\u00f6\u00f6giuala. <br><br>\u041caja mahutab kuni <strong>12 inimest<\/strong> \u2014 sobib suurep\u00e4raselt suurtele peredele v\u00f5i s\u00f5pruskondadele rahulikus \u00f5hkkonnas ajaviitmiseks.<br><br><\/p>\n\n\n\n<div class=\"wp-block-buttons has-custom-font-size has-small-font-size is-content-justification-left is-layout-flex wp-container-core-buttons-is-layout-3214ae3c wp-block-buttons-is-layout-flex\">\n<div class=\"wp-block-button is-style-fill\"><a class=\"wp-block-button__link has-palette-color-5-color has-palette-color-3-background-color has-text-color has-background has-link-color has-custom-font-size wp-element-button\" href=\"https:\/\/sauna24.ee\/et\/\u043f\u0440\u043e\u0436\u0438\u0432\u0430\u043d\u0438\u0435-\u0438-\u0443\u0434\u043e\u0431\u0441\u0442\u0432\u0430\/\" style=\"border-radius:100px;padding-top:15px;padding-right:25px;padding-bottom:15px;padding-left:25px;font-size:clamp(14px, 0.875rem + ((1vw - 3.2px) * 0.156), 16px);\"><strong>ROHKEM INFOT<\/strong><\/a><\/div>\n<\/div>\n<\/div>\n\n\n\n<div class=\"wp-block-column is-layout-flow wp-container-core-column-is-layout-6f5e594d wp-block-column-is-layout-flow\" style=\"padding-top:0;padding-bottom:0\">\n<figure class=\"wp-block-image alignfull size-large has-custom-border is-style-default\"><img loading=\"lazy\" decoding=\"async\" width=\"1024\" height=\"686\" src=\"https:\/\/sauna24.ee\/wp-content\/uploads\/2025\/06\/huntingbox-2-1024x686.jpg\" alt=\"\" class=\"wp-image-209\" style=\"border-radius:35px\" srcset=\"https:\/\/sauna24.ee\/wp-content\/uploads\/2025\/06\/huntingbox-2-1024x686.jpg 1024w, https:\/\/sauna24.ee\/wp-content\/uploads\/2025\/06\/huntingbox-2-300x201.jpg 300w, https:\/\/sauna24.ee\/wp-content\/uploads\/2025\/06\/huntingbox-2-768x514.jpg 768w, https:\/\/sauna24.ee\/wp-content\/uploads\/2025\/06\/huntingbox-2-1536x1028.jpg 1536w, https:\/\/sauna24.ee\/wp-content\/uploads\/2025\/06\/huntingbox-2-2048x1371.jpg 2048w\" sizes=\"auto, (max-width: 1024px) 100vw, 1024px\" \/><\/figure>\n\n\n\n<h3 class=\"wp-block-heading has-text-align-center\" style=\"margin-top:var(--wp--preset--spacing--40);margin-bottom:var(--wp--preset--spacing--40)\">Purila Camping<\/h3>\n\n\n\n<p class=\"has-palette-color-1-color has-text-color has-link-color wp-elements-a131b9d9447b7e9767f3fa6503847f73\">Ruumikas jahimaja kaminasaali, saunaga, maalilise veekogu ja hubaste k\u00e4mpingumajakestega \u2014 ideaalne paik m\u00f5nusaks puhkuseks sooja seltskonnaga. Maja sees on kamin ning mitmed alad nii \u00fchisteks hetkedeks kui ka rahulikuks puhkuseks. P\u00e4rast p\u00e4eva looduses on m\u00f5nus l\u00f5\u00f5gastuda saunas. Kompleksi territoorium kutsub nautima v\u00e4rsket \u00f5hku, \u00f5htuseid hetki l\u00f5kke juures ja hubaseid \u00f6id eraldi majakestes.<br><br>Puhkeala mahutab seltskonna suurusega <strong>15\u201320 inimest<\/strong> \u2014 koos peamaja ja k\u00e4mpingutega on see suurep\u00e4rane valik pere\u00fcritusteks, s\u00f5pradega koosviibimisteks ning privaatseks puhkuseks looduse r\u00fcpes.<\/p>\n\n\n\n<div class=\"wp-block-buttons has-custom-font-size has-small-font-size is-content-justification-left is-layout-flex wp-container-core-buttons-is-layout-2940839a wp-block-buttons-is-layout-flex\" style=\"margin-top:var(--wp--preset--spacing--50)\">\n<div class=\"wp-block-button is-style-fill\"><a class=\"wp-block-button__link has-palette-color-5-color has-palette-color-3-background-color has-text-color has-background has-link-color has-custom-font-size wp-element-button\" href=\"https:\/\/sauna24.ee\/et\/\u043f\u0440\u043e\u0436\u0438\u0432\u0430\u043d\u0438\u0435-\u0438-\u0443\u0434\u043e\u0431\u0441\u0442\u0432\u0430\/\" style=\"border-radius:100px;padding-top:15px;padding-right:25px;padding-bottom:15px;padding-left:25px;font-size:clamp(14px, 0.875rem + ((1vw - 3.2px) * 0.156), 16px);\"><strong><strong>R<\/strong>OHKEM INFOT<\/strong><\/a><\/div>\n<\/div>\n<\/div>\n<\/div>\n\n\n\n<h2 class=\"wp-block-heading has-text-align-center has-palette-color-1-color has-text-color has-link-color wp-elements-9759b0554671f538f0cccf851b3e6ec6\" style=\"margin-top:0;margin-bottom:var(--wp--preset--spacing--60);font-size:clamp(28.836px, 1.802rem + ((1vw - 3.2px) * 1.653), 50px);font-style:normal;font-weight:700;line-height:1.2\">Kuidas meid leida<\/h2>\n\n\n\n<div class=\"wp-block-stackable-map stk-block-map stk-block stk-4e2b18e\" data-block-id=\"4e2b18e\"><style>.stk-4e2b18e .stk-block-map__canvas, .stk-4e2b18e iframe{height:350px !important;}.stk-4e2b18e {margin-bottom:30px !important;}<\/style><iframe\n\t\t\t\t\t\ttitle=\"\u0412\u0441\u0442\u0440\u043e\u0435\u043d\u043d\u043e\u0435 \u0441\u043e\u0434\u0435\u0440\u0436\u0438\u043c\u043e\u0435 \u0438\u0437 \u043f\u043b\u0430\u0442\u0444\u043e\u0440\u043c\u044b Google-\u043a\u0430\u0440\u0442\u044b.\"\n\t\t\t\t\t\tsrc=\"https:\/\/maps.google.com\/maps?q=ULEALLIKA TALU RAPLAMAA, PURILA, ULEALLIKA TALU, Purila, 79633&#038;t=&#038;z=15&#038;ie=UTF8&#038;output=embed\"\n\t\t\t\t\t\tstyle=\"border:0;width:100%;max-width:none;max-height:none;height:100%;\"\n\t\t\t\t\t\taria-hidden=\"false\"\n\t\t\t\t\t\ttabindex=\"0\"\n\t\t\t\t\t\tallowfullscreen\n\t\t\t\t\t\tloading=\"lazy\"\n\t\t\t\t\t\tframeborder=\"0\"\n\t\t\t\t\t><\/iframe><\/div>","protected":false},"excerpt":{"rendered":"<p>\u0427\u0442\u043e \u0433\u043e\u0432\u043e\u0440\u044f\u0442 \u043e \u043d\u0430\u0441 \u041c\u044b \u0433\u043e\u0440\u0434\u0438\u043c\u0441\u044f \u0442\u0435\u043c, \u0447\u0442\u043e \u043d\u0430\u0448\u0438 \u0433\u043e\u0441\u0442\u0438 \u043e\u0441\u0442\u0430\u044e\u0442\u0441\u044f \u0434\u043e\u0432\u043e\u043b\u044c\u043d\u044b \u043e\u0442\u0434\u044b\u0445\u043e\u043c!\u041a\u0430\u0436\u0434\u044b\u0439 \u0434\u043e\u0432\u043e\u043b\u044c\u043d\u044b\u0439 \u0433\u043e\u0441\u0442\u044c \u2014 \u043a\u0430\u043a \u0431\u043b\u0438\u0437\u043a\u0438\u0439 \u0447\u0435\u043b\u043e\u0432\u0435\u043a. \u041c\u044b \u0438\u0441\u043a\u0440\u0435\u043d\u043d\u0435 \u0431\u043b\u0430\u0433\u043e\u0434\u0430\u0440\u0438\u043c \u0432\u0430\u0441 \u0437\u0430 \u0432\u044b\u0431\u043e\u0440 \u0438 \u0437\u0430 \u0442\u043e, \u0447\u0442\u043e \u0432\u043e\u0437\u0432\u0440\u0430\u0449\u0430\u0435\u0442\u0435\u0441\u044c \u0441\u043d\u043e\u0432\u0430. Tatiana \u041d\u0435\u043e\u0436\u0438\u0434\u0430\u043d\u043d\u043e \u0431\u043e\u043b\u044c\u0448\u043e\u0439 \u0438 \u0443\u044e\u0442\u043d\u044b\u0439 \u0434\u043e\u043c. \u0412\u043c\u0435\u0449\u0430\u0435\u0442 \u0431\u043e\u043b\u0435\u0435 10 \u0447\u0435\u043b\u043e\u0432\u0435\u043a. \u0412\u043e\u043a\u0440\u0443\u0433 \u0434\u043e\u043c\u0430 \u0431\u0435\u0433\u0430\u043b\u043e \u043c\u043d\u043e\u0433\u043e \u043e\u0432\u0435\u0446, \u0431\u044b\u043b\u043e \u043e\u0447\u0435\u043d\u044c \u043c\u0438\u043b\u043e. \u0411\u0430\u043d\u044f \u0445\u043e\u0440\u043e\u0448\u0430\u044f, \u043f\u0440\u0443\u0434 \u043a\u0440\u0430\u0441\u0438\u0432\u044b\u0439. Kristjan \u0425\u043e\u0440\u043e\u0448\u0435\u0435 [&hellip;]<\/p>\n","protected":false},"author":1,"featured_media":0,"parent":0,"menu_order":0,"comment_status":"closed","ping_status":"closed","template":"","meta":{"_uag_custom_page_level_css":"","footnotes":""},"class_list":["post-104","page","type-page","status-publish","hentry"],"blocksy_meta":{"has_hero_section":"default","hero_elements":[{"id":"custom_title","enabled":true,"heading_tag":"h2","title":"\u0413\u043b\u0430\u0432\u043d\u0430\u044f","__id":"WPsdUIFqPBuQSg84DHsa2"},{"id":"custom_description","enabled":true,"description_visibility":{"desktop":true,"tablet":true,"mobile":false},"__id":"ieTTx1NmS7gfJ0edcaF1S"},{"id":"custom_meta","enabled":false,"meta_elements":[{"id":"author","enabled":true,"label":"\u0410\u0432\u0442\u043e\u0440:","has_author_avatar":"yes","avatar_size":25},{"id":"post_date","enabled":true,"label":" ","date_format_source":"default","date_format":"M j, Y"},{"id":"updated_date","enabled":false,"label":" ","date_format_source":"default","date_format":"M j, Y"},{"id":"categories","enabled":false,"label":"\u0420\u0443\u0431\u0440\u0438\u043a\u0430:","style":"simple"},{"id":"comments","enabled":true}],"page_meta_elements":{"joined":true,"articles_count":true,"comments":true},"__id":"WPuIqSRvcnntKqp2udmHl"},{"id":"breadcrumbs","enabled":false,"__id":"yoPei6u1XZ2Bf_zJzIbp7"}],"pageTitleFont":{"family":"Default","variation":"Default","size":{"desktop":"30px","tablet":"30px","mobile":"20px","__changed":["mobile"]},"line-height":"CT_CSS_SKIP_RULE","letter-spacing":"CT_CSS_SKIP_RULE","text-transform":"CT_CSS_SKIP_RULE","text-decoration":"CT_CSS_SKIP_RULE"},"styles_descriptor":{"styles":{"desktop":"","tablet":"","mobile":""},"google_fonts":[],"version":6}},"uagb_featured_image_src":{"full":false,"thumbnail":false,"medium":false,"medium_large":false,"large":false,"1536x1536":false,"2048x2048":false,"trp-custom-language-flag":false},"uagb_author_info":{"display_name":"admin","author_link":"https:\/\/sauna24.ee\/et\/author\/admin\/"},"uagb_comment_info":0,"uagb_excerpt":"\u0427\u0442\u043e \u0433\u043e\u0432\u043e\u0440\u044f\u0442 \u043e \u043d\u0430\u0441 \u041c\u044b \u0433\u043e\u0440\u0434\u0438\u043c\u0441\u044f \u0442\u0435\u043c, \u0447\u0442\u043e \u043d\u0430\u0448\u0438 \u0433\u043e\u0441\u0442\u0438 \u043e\u0441\u0442\u0430\u044e\u0442\u0441\u044f \u0434\u043e\u0432\u043e\u043b\u044c\u043d\u044b \u043e\u0442\u0434\u044b\u0445\u043e\u043c!\u041a\u0430\u0436\u0434\u044b\u0439 \u0434\u043e\u0432\u043e\u043b\u044c\u043d\u044b\u0439 \u0433\u043e\u0441\u0442\u044c \u2014 \u043a\u0430\u043a \u0431\u043b\u0438\u0437\u043a\u0438\u0439 \u0447\u0435\u043b\u043e\u0432\u0435\u043a. \u041c\u044b \u0438\u0441\u043a\u0440\u0435\u043d\u043d\u0435 \u0431\u043b\u0430\u0433\u043e\u0434\u0430\u0440\u0438\u043c \u0432\u0430\u0441 \u0437\u0430 \u0432\u044b\u0431\u043e\u0440 \u0438 \u0437\u0430 \u0442\u043e, \u0447\u0442\u043e \u0432\u043e\u0437\u0432\u0440\u0430\u0449\u0430\u0435\u0442\u0435\u0441\u044c \u0441\u043d\u043e\u0432\u0430. Tatiana \u041d\u0435\u043e\u0436\u0438\u0434\u0430\u043d\u043d\u043e \u0431\u043e\u043b\u044c\u0448\u043e\u0439 \u0438 \u0443\u044e\u0442\u043d\u044b\u0439 \u0434\u043e\u043c. \u0412\u043c\u0435\u0449\u0430\u0435\u0442 \u0431\u043e\u043b\u0435\u0435 10 \u0447\u0435\u043b\u043e\u0432\u0435\u043a. \u0412\u043e\u043a\u0440\u0443\u0433 \u0434\u043e\u043c\u0430 \u0431\u0435\u0433\u0430\u043b\u043e \u043c\u043d\u043e\u0433\u043e \u043e\u0432\u0435\u0446, \u0431\u044b\u043b\u043e \u043e\u0447\u0435\u043d\u044c \u043c\u0438\u043b\u043e. \u0411\u0430\u043d\u044f \u0445\u043e\u0440\u043e\u0448\u0430\u044f, \u043f\u0440\u0443\u0434 \u043a\u0440\u0430\u0441\u0438\u0432\u044b\u0439. Kristjan \u0425\u043e\u0440\u043e\u0448\u0435\u0435&hellip;","_links":{"self":[{"href":"https:\/\/sauna24.ee\/et\/wp-json\/wp\/v2\/pages\/104","targetHints":{"allow":["GET"]}}],"collection":[{"href":"https:\/\/sauna24.ee\/et\/wp-json\/wp\/v2\/pages"}],"about":[{"href":"https:\/\/sauna24.ee\/et\/wp-json\/wp\/v2\/types\/page"}],"author":[{"embeddable":true,"href":"https:\/\/sauna24.ee\/et\/wp-json\/wp\/v2\/users\/1"}],"replies":[{"embeddable":true,"href":"https:\/\/sauna24.ee\/et\/wp-json\/wp\/v2\/comments?post=104"}],"version-history":[{"count":83,"href":"https:\/\/sauna24.ee\/et\/wp-json\/wp\/v2\/pages\/104\/revisions"}],"predecessor-version":[{"id":451,"href":"https:\/\/sauna24.ee\/et\/wp-json\/wp\/v2\/pages\/104\/revisions\/451"}],"wp:attachment":[{"href":"https:\/\/sauna24.ee\/et\/wp-json\/wp\/v2\/media?parent=104"}],"curies":[{"name":"wp","href":"https:\/\/api.w.org\/{rel}","templated":true}]}}